{"id":116145,"date":"2016-12-01T15:45:47","date_gmt":"2016-12-01T15:45:47","guid":{"rendered":"http:\/\/kunden.carma.cc\/cptravel\/?page_id=116145"},"modified":"2020-03-31T07:44:29","modified_gmt":"2020-03-31T07:44:29","slug":"kontakt","status":"publish","type":"page","link":"http:\/\/kunden.carma.cc\/cptravel\/kontakt\/","title":{"rendered":"Kontakt"},"content":{"rendered":"<p>[et_pb_section fb_built=&#8220;1&#8243; custom_padding_last_edited=&#8220;on|desktop&#8220; admin_label=&#8220;Hero Section&#8220; module_id=&#8220;dotover&#8220; _builder_version=&#8220;3.22&#8243; background_color=&#8220;#ffffff&#8220; background_image=&#8220;http:\/\/kunden.carma.cc\/cptravel\/wp-content\/uploads\/2016\/12\/contact-1.jpg&#8220; custom_padding_tablet=&#8220;50px|0|50px|0&#8243; custom_padding_phone=&#8220;&#8220; custom_css_after=&#8220;content: %22%22;||background: url(&#8218;httpss:\/\/www.infiniteimagination.com.au\/rhm\/wp-content\/uploads\/2016\/08\/mask.png&#8216;) repeat;||top: 0;||left: 0;||bottom: 0;||right: 0;||position: absolute;||z-index: 1;||&#8220; transparent_background=&#8220;off&#8220; padding_mobile=&#8220;off&#8220; collapsed=&#8220;off&#8220;][et_pb_row padding_mobile=&#8220;off&#8220; column_padding_mobile=&#8220;on&#8220; admin_label=&#8220;Row&#8220; _builder_version=&#8220;3.25&#8243; background_size=&#8220;initial&#8220; background_position=&#8220;top_left&#8220; background_repeat=&#8220;repeat&#8220; custom_padding=&#8220;7%||4%|&#8220;][et_pb_column type=&#8220;4_4&#8243; _builder_version=&#8220;3.25&#8243; custom_padding=&#8220;|||&#8220; custom_padding__hover=&#8220;|||&#8220;][et_pb_cta admin_label=&#8220;Need help with that?&#8220; _builder_version=&#8220;3.16&#8243; header_font=&#8220;|||on|&#8220; header_text_color=&#8220;#ffffff&#8220; header_font_size=&#8220;70&#8243; header_line_height=&#8220;1.5em&#8220; body_text_color=&#8220;#ffffff&#8220; body_font_size=&#8220;22&#8243; body_line_height=&#8220;1.5em&#8220; use_background_color=&#8220;off&#8220; background_size=&#8220;initial&#8220; background_position=&#8220;top_left&#8220; background_repeat=&#8220;repeat&#8220; custom_button=&#8220;on&#8220; button_text_color=&#8220;#ffffff&#8220; button_bg_color=&#8220;rgba(0,0,0,0)&#8220; button_border_color=&#8220;rgba(255,255,255,0.6)&#8220; button_border_radius=&#8220;0&#8243; button_font=&#8220;Oswald||||&#8220; button_icon=&#8220;%%24%%&#8220; header_font_size_tablet=&#8220;50&#8243; header_font_size_phone=&#8220;30&#8243; header_font_size_last_edited=&#8220;on|desktop&#8220; custom_css_main_element=&#8220;position: relative; z-index: 3;&#8220; custom_css_promo_button=&#8220;margin-top: 30px;&#8220; border_style=&#8220;solid&#8220; button_text_color_hover=&#8220;#ffffff&#8220; button_border_color_hover=&#8220;rgba(0,0,0,0)&#8220; button_border_radius_hover=&#8220;0&#8243; button_letter_spacing_hover=&#8220;3&#8243; button_bg_color_hover=&#8220;rgba(255,255,255,0.2)&#8220; saved_tabs=&#8220;all&#8220; button_text_size__hover_enabled=&#8220;off&#8220; button_one_text_size__hover_enabled=&#8220;off&#8220; button_two_text_size__hover_enabled=&#8220;off&#8220; button_text_color__hover_enabled=&#8220;on&#8220; button_text_color__hover=&#8220;#ffffff&#8220; button_one_text_color__hover_enabled=&#8220;off&#8220; button_two_text_color__hover_enabled=&#8220;off&#8220; button_border_width__hover_enabled=&#8220;off&#8220; button_one_border_width__hover_enabled=&#8220;off&#8220; button_two_border_width__hover_enabled=&#8220;off&#8220; button_border_color__hover_enabled=&#8220;on&#8220; button_border_color__hover=&#8220;rgba(0,0,0,0)&#8220; button_one_border_color__hover_enabled=&#8220;off&#8220; button_two_border_color__hover_enabled=&#8220;off&#8220; button_border_radius__hover_enabled=&#8220;on&#8220; button_border_radius__hover=&#8220;0&#8243; button_one_border_radius__hover_enabled=&#8220;off&#8220; button_two_border_radius__hover_enabled=&#8220;off&#8220; button_letter_spacing__hover_enabled=&#8220;on&#8220; button_letter_spacing__hover=&#8220;3&#8243; button_one_letter_spacing__hover_enabled=&#8220;off&#8220; button_two_letter_spacing__hover_enabled=&#8220;off&#8220; button_bg_color__hover_enabled=&#8220;on&#8220; button_bg_color__hover=&#8220;rgba(255,255,255,0.2)&#8220; button_one_bg_color__hover_enabled=&#8220;off&#8220; button_two_bg_color__hover_enabled=&#8220;off&#8220;]<\/p>\n<h2>Ihr pers\u00f6nlicher Kontakt <span style=\"color: #debb59;\">zu uns<\/span><\/h2>\n<p>[\/et_pb_cta][\/et_pb_column][\/et_pb_row][\/et_pb_section][et_pb_section fb_built=&#8220;1&#8243; _builder_version=&#8220;3.22&#8243;][et_pb_row _builder_version=&#8220;3.25&#8243; background_size=&#8220;initial&#8220; background_position=&#8220;top_left&#8220; background_repeat=&#8220;repeat&#8220; column_structure=&#8220;1_2,1_2&#8243;][et_pb_column type=&#8220;1_2&#8243; _builder_version=&#8220;3.25&#8243; custom_padding=&#8220;|||&#8220; custom_padding__hover=&#8220;|||&#8220;][\/et_pb_column][et_pb_column type=&#8220;1_2&#8243; _builder_version=&#8220;3.25&#8243; custom_padding=&#8220;|||&#8220; custom_padding__hover=&#8220;|||&#8220;][et_pb_text _builder_version=&#8220;3.27.4&#8243;] Fliegen war fr\u00fcher mein Beruf als Flugbegleiterin, Reisen ist jetzt f\u00fcr mich schon fast Berufung. Denn mit Begeisterung bin ich seit 16 Jahren in der Tourismusbranche t\u00e4tig, seit 2011 organisiere ich mit meiner Firma pro.word exklusive Reisen f\u00fcr Individualreisende. Damit habe ich meine Leidenschaft f\u00fcr L\u00e4nder und Kulturen und meine Freude daran, anderen Menschen Reisetr\u00e4ume zu erf\u00fcllen, zum eigenen Berufsziel gemacht. Meine vielf\u00e4ltigen Erfahrungen aus beruflichen und privaten Reisen sowie die meiner Kunden haben mich dazu inspiriert, ein zweites Standbein im Bereich Business Travel aufzubauen. Und genau das anzubieten, was vielen Unternehmen gerade bei anderen gro\u00dfen Travel Management Anbietern fehlt, n\u00e4mlich die ganz pers\u00f6nliche und individuelle Beratung und Betreuung, mit einem Ansprechpartner und umfassenden Dienstleistungen aus einer Hand. Ein Konzept, das meine Kunden seit Jahren sch\u00e4tzen und das ich mit meinem Team jeden Tag mit viel Freude und Leidenschaft lebe. [\/et_pb_text][\/et_pb_column][\/et_pb_row][\/et_pb_section][et_pb_section fb_built=&#8220;1&#8243; disabled_on=&#8220;off|off|off&#8220; admin_label=&#8220;Section&#8220; _builder_version=&#8220;3.22&#8243; background_color=&#8220;#fcbf00&#8243; collapsed=&#8220;off&#8220;][et_pb_row padding_mobile=&#8220;off&#8220; column_padding_mobile=&#8220;on&#8220; admin_label=&#8220;Row&#8220; _builder_version=&#8220;3.25&#8243; background_size=&#8220;initial&#8220; background_position=&#8220;top_left&#8220; background_repeat=&#8220;repeat&#8220; column_structure=&#8220;1_3,1_3,1_3&#8243;][et_pb_column type=&#8220;1_3&#8243; _builder_version=&#8220;3.25&#8243; custom_padding=&#8220;|||&#8220; custom_css_main_element=&#8220;border-right: 1px solid #005c77;&#8220; custom_padding__hover=&#8220;|||&#8220;][et_pb_blurb title=&#8220;Unser Kontakt&#8220; use_icon=&#8220;on&#8220; font_icon=&#8220;%%105%%&#8220; icon_placement=&#8220;left&#8220; use_icon_font_size=&#8220;on&#8220; icon_font_size=&#8220;20&#8243; icon_font_size_tablet=&#8220;&#8220; icon_font_size_phone=&#8220;&#8220; icon_font_size_last_edited=&#8220;on|desktop&#8220; admin_label=&#8220;Blurb&#8220; module_id=&#8220;lefticon&#8220; _builder_version=&#8220;3.7&#8243; header_font=&#8220;|||on|&#8220; header_text_color=&#8220;#005c77&#8243; header_font_size=&#8220;20&#8243; header_line_height=&#8220;1.4em&#8220; body_text_color=&#8220;#666666&#8243; body_font_size=&#8220;16&#8243; body_line_height=&#8220;1.3em&#8220; background_size=&#8220;initial&#8220; background_position=&#8220;top_left&#8220; background_repeat=&#8220;repeat&#8220; custom_margin=&#8220;||0px|&#8220; custom_padding=&#8220;||10px|&#8220; custom_css_blurb_title=&#8220;font-weight:800;||border-style: solid;||border-color: #aeafaf;||border-left-width: 1px;||padding: 0px 0px 0px 8px;||margin-left: -10px;&#8220;][\/et_pb_blurb][et_pb_text _builder_version=&#8220;4.4.2&#8243; background_size=&#8220;initial&#8220; background_position=&#8220;top_left&#8220; background_repeat=&#8220;repeat&#8220; hover_enabled=&#8220;0&#8243;]<\/p>\n<p>Tel: +43 699 12344387<\/p>\n<p>Email: <a href=\"mailto:cp@cptravel.at\"><\/a><a href=\"mailto:cp@cptravel.at\">cp@cptravel.at<\/a><\/p>\n<p>Web: <a href=\"http:\/\/kunden.carma.cc\/cptravel\">www.cptravel.at<\/a><\/p>\n<p>[\/et_pb_text][\/et_pb_column][et_pb_column type=&#8220;1_3&#8243; _builder_version=&#8220;3.25&#8243; custom_padding=&#8220;|||&#8220; custom_css_main_element=&#8220;border-right: 1px solid #005c77;&#8220; custom_padding__hover=&#8220;|||&#8220;][et_pb_blurb title=&#8220;Wir pers\u00f6nlich&#8220; use_icon=&#8220;on&#8220; font_icon=&#8220;%%232%%&#8220; icon_placement=&#8220;left&#8220; use_icon_font_size=&#8220;on&#8220; icon_font_size=&#8220;20&#8243; icon_font_size_tablet=&#8220;&#8220; icon_font_size_phone=&#8220;&#8220; icon_font_size_last_edited=&#8220;on|desktop&#8220; admin_label=&#8220;Blurb&#8220; module_id=&#8220;lefticon&#8220; _builder_version=&#8220;3.7&#8243; header_font=&#8220;|||on|&#8220; header_text_color=&#8220;#005c77&#8243; header_font_size=&#8220;20&#8243; header_line_height=&#8220;1.4em&#8220; body_text_color=&#8220;#666666&#8243; body_font_size=&#8220;16&#8243; body_line_height=&#8220;1.3em&#8220; background_size=&#8220;initial&#8220; background_position=&#8220;top_left&#8220; background_repeat=&#8220;repeat&#8220; max_width_tablet=&#8220;50px&#8220; custom_margin=&#8220;||0px|&#8220; custom_padding=&#8220;||10px|&#8220; custom_css_blurb_title=&#8220;font-weight:800;||border-style: solid;||border-color: #aeafaf;||border-left-width: 1px;||padding: 0px 0px 0px 8px;||margin-left: -10px;&#8220;][\/et_pb_blurb][et_pb_text _builder_version=&#8220;4.4.2&#8243; background_size=&#8220;initial&#8220; background_position=&#8220;top_left&#8220; background_repeat=&#8220;repeat&#8220; hover_enabled=&#8220;0&#8243;]<\/p>\n<p>Ihre Ansprechpartnerin:<\/p>\n<p>Mag. Carina Proprenter<\/p>\n<p><a href=\"mailto:cp@cptravel.at\">cp@cptravel.at<\/a><\/p>\n<p>[\/et_pb_text][\/et_pb_column][et_pb_column type=&#8220;1_3&#8243; _builder_version=&#8220;3.25&#8243; custom_padding=&#8220;|||&#8220; custom_padding__hover=&#8220;|||&#8220;][et_pb_blurb title=&#8220;Unsere Postadresse&#8220; use_icon=&#8220;on&#8220; font_icon=&#8220;%%110%%&#8220; icon_placement=&#8220;left&#8220; use_icon_font_size=&#8220;on&#8220; icon_font_size=&#8220;20&#8243; icon_font_size_tablet=&#8220;&#8220; icon_font_size_phone=&#8220;&#8220; icon_font_size_last_edited=&#8220;on|phone&#8220; admin_label=&#8220;Blurb&#8220; module_id=&#8220;lefticon&#8220; _builder_version=&#8220;3.0.98&#8243; header_font=&#8220;|||on|&#8220; header_text_color=&#8220;#005c77&#8243; header_font_size=&#8220;20&#8243; header_line_height=&#8220;1.4em&#8220; body_font=&#8220;Open Sans||||&#8220; body_text_color=&#8220;#666666&#8243; body_font_size=&#8220;16&#8243; body_line_height=&#8220;1.3em&#8220; background_size=&#8220;initial&#8220; background_position=&#8220;top_left&#8220; background_repeat=&#8220;repeat&#8220; max_width_tablet=&#8220;50px&#8220; custom_margin=&#8220;||0px|&#8220; custom_padding=&#8220;||10px|&#8220; header_line_height_tablet=&#8220;&#8220; header_line_height_phone=&#8220;&#8220; header_line_height_last_edited=&#8220;on|desktop&#8220; body_line_height_tablet=&#8220;&#8220; body_line_height_phone=&#8220;&#8220; body_line_height_last_edited=&#8220;on|desktop&#8220; custom_css_blurb_title=&#8220;font-weight:800;||border-style: solid;||border-color: #aeafaf;||border-left-width: 1px;||padding: 0px 0px 0px 8px;||margin-left: -10px;||&#8220;][\/et_pb_blurb][et_pb_text _builder_version=&#8220;3.27.4&#8243; background_size=&#8220;initial&#8220; background_position=&#8220;top_left&#8220; background_repeat=&#8220;repeat&#8220;]CP Travel Consulting<\/p>\n<p>Waldgasse 8<\/p>\n<p>2291 Lassee<br \/>\n[\/et_pb_text][\/et_pb_column][\/et_pb_row][\/et_pb_section][et_pb_section fb_built=&#8220;1&#8243; custom_padding_last_edited=&#8220;on|desktop&#8220; admin_label=&#8220;Section&#8220; _builder_version=&#8220;3.22&#8243; background_color=&#8220;#ffffff&#8220; custom_padding_tablet=&#8220;50px|0|50px|0&#8243; custom_padding_phone=&#8220;&#8220; collapsed=&#8220;off&#8220;][et_pb_row admin_label=&#8220;Row&#8220; _builder_version=&#8220;3.25&#8243; background_size=&#8220;initial&#8220; background_position=&#8220;top_left&#8220; background_repeat=&#8220;repeat&#8220;][et_pb_column type=&#8220;4_4&#8243; _builder_version=&#8220;3.25&#8243; custom_padding=&#8220;|||&#8220; custom_padding__hover=&#8220;|||&#8220;][et_pb_cta admin_label=&#8220;Send Us a Message&#8220; _builder_version=&#8220;3.16&#8243; header_font=&#8220;|||on|&#8220; header_text_color=&#8220;#005c77&#8243; header_font_size=&#8220;38&#8243; header_line_height=&#8220;1.4em&#8220; use_background_color=&#8220;off&#8220; background_size=&#8220;initial&#8220; background_position=&#8220;top_left&#8220; background_repeat=&#8220;repeat&#8220; background_layout=&#8220;light&#8220; custom_margin=&#8220;||0px|&#8220; custom_padding=&#8220;||0px|&#8220; header_font_size_tablet=&#8220;34&#8243; header_font_size_phone=&#8220;30&#8243; header_font_size_last_edited=&#8220;on|phone&#8220; use_border_color=&#8220;off&#8220; button_text_size__hover_enabled=&#8220;off&#8220; button_one_text_size__hover_enabled=&#8220;off&#8220; button_two_text_size__hover_enabled=&#8220;off&#8220; button_text_color__hover_enabled=&#8220;off&#8220; button_one_text_color__hover_enabled=&#8220;off&#8220; button_two_text_color__hover_enabled=&#8220;off&#8220; button_border_width__hover_enabled=&#8220;off&#8220; button_one_border_width__hover_enabled=&#8220;off&#8220; button_two_border_width__hover_enabled=&#8220;off&#8220; button_border_color__hover_enabled=&#8220;off&#8220; button_one_border_color__hover_enabled=&#8220;off&#8220; button_two_border_color__hover_enabled=&#8220;off&#8220; button_border_radius__hover_enabled=&#8220;off&#8220; button_one_border_radius__hover_enabled=&#8220;off&#8220; button_two_border_radius__hover_enabled=&#8220;off&#8220; button_letter_spacing__hover_enabled=&#8220;off&#8220; button_one_letter_spacing__hover_enabled=&#8220;off&#8220; button_two_letter_spacing__hover_enabled=&#8220;off&#8220; button_bg_color__hover_enabled=&#8220;off&#8220; button_one_bg_color__hover_enabled=&#8220;off&#8220; button_two_bg_color__hover_enabled=&#8220;off&#8220;]<\/p>\n<h2>Schreiben Sie uns\u00a0<span style=\"color: #fcbf00;\">eine Nachricht<\/span><\/h2>\n<p>[\/et_pb_cta][et_pb_contact_form email=&#8220;office@cptravel.at&#8220; success_message=&#8220;IHRE NACHRICHT WURDE ERFOLGREICH \u00dcBERMITTELT. WIR MELDEN UNS UMGEHEND BEI IHNEN!&#8220; submit_button_text=&#8220;SENDEN&#8220; admin_label=&#8220;Contact Form&#8220; module_id=&#8220;et_pb_contact_form_0&#8243; _builder_version=&#8220;3.23&#8243; form_field_background_color=&#8220;rgba(0,0,0,0)&#8220; custom_button=&#8220;on&#8220; button_text_color=&#8220;#fcbf00&#8243; button_bg_color=&#8220;#005c77&#8243; button_border_width=&#8220;0&#8243; button_border_radius=&#8220;0&#8243; button_letter_spacing=&#8220;2&#8243; button_font=&#8220;|||on|||||&#8220; border_radii=&#8220;on|0px|0px|0px|0px&#8220; border_width_all=&#8220;1px&#8220; border_color_all=&#8220;rgba(43,44,42,0.53)&#8220; use_border_color=&#8220;on&#8220; form_background_color=&#8220;rgba(0,0,0,0)&#8220; button_text_color_hover=&#8220;#005c77&#8243; button_bg_color_hover=&#8220;#fcbf00&#8243; button_border_radius_hover=&#8220;0&#8243; button_letter_spacing_hover=&#8220;2&#8243;][et_pb_contact_field field_id=&#8220;Name&#8220; field_title=&#8220;Name&#8220; _builder_version=&#8220;3.16&#8243; form_field_font=&#8220;||||&#8220; use_border_color=&#8220;off&#8220; button_text_size__hover_enabled=&#8220;off&#8220; button_one_text_size__hover_enabled=&#8220;off&#8220; button_two_text_size__hover_enabled=&#8220;off&#8220; button_text_color__hover_enabled=&#8220;off&#8220; button_one_text_color__hover_enabled=&#8220;off&#8220; button_two_text_color__hover_enabled=&#8220;off&#8220; button_border_width__hover_enabled=&#8220;off&#8220; button_one_border_width__hover_enabled=&#8220;off&#8220; button_two_border_width__hover_enabled=&#8220;off&#8220; button_border_color__hover_enabled=&#8220;off&#8220; button_one_border_color__hover_enabled=&#8220;off&#8220; button_two_border_color__hover_enabled=&#8220;off&#8220; button_border_radius__hover_enabled=&#8220;off&#8220; button_one_border_radius__hover_enabled=&#8220;off&#8220; button_two_border_radius__hover_enabled=&#8220;off&#8220; button_letter_spacing__hover_enabled=&#8220;off&#8220; button_one_letter_spacing__hover_enabled=&#8220;off&#8220; button_two_letter_spacing__hover_enabled=&#8220;off&#8220; button_bg_color__hover_enabled=&#8220;off&#8220; button_one_bg_color__hover_enabled=&#8220;off&#8220; button_two_bg_color__hover_enabled=&#8220;off&#8220;][\/et_pb_contact_field][et_pb_contact_field field_id=&#8220;Email&#8220; field_title=&#8220;Email-Adresse&#8220; field_type=&#8220;email&#8220; _builder_version=&#8220;3.16&#8243; form_field_font=&#8220;||||&#8220; use_border_color=&#8220;off&#8220; button_text_size__hover_enabled=&#8220;off&#8220; button_one_text_size__hover_enabled=&#8220;off&#8220; button_two_text_size__hover_enabled=&#8220;off&#8220; button_text_color__hover_enabled=&#8220;off&#8220; button_one_text_color__hover_enabled=&#8220;off&#8220; button_two_text_color__hover_enabled=&#8220;off&#8220; button_border_width__hover_enabled=&#8220;off&#8220; button_one_border_width__hover_enabled=&#8220;off&#8220; button_two_border_width__hover_enabled=&#8220;off&#8220; button_border_color__hover_enabled=&#8220;off&#8220; button_one_border_color__hover_enabled=&#8220;off&#8220; button_two_border_color__hover_enabled=&#8220;off&#8220; button_border_radius__hover_enabled=&#8220;off&#8220; button_one_border_radius__hover_enabled=&#8220;off&#8220; button_two_border_radius__hover_enabled=&#8220;off&#8220; button_letter_spacing__hover_enabled=&#8220;off&#8220; button_one_letter_spacing__hover_enabled=&#8220;off&#8220; button_two_letter_spacing__hover_enabled=&#8220;off&#8220; button_bg_color__hover_enabled=&#8220;off&#8220; button_one_bg_color__hover_enabled=&#8220;off&#8220; button_two_bg_color__hover_enabled=&#8220;off&#8220;][\/et_pb_contact_field][et_pb_contact_field field_id=&#8220;Message&#8220; field_title=&#8220;Nachricht&#8220; field_type=&#8220;text&#8220; fullwidth_field=&#8220;on&#8220; _builder_version=&#8220;3.16&#8243; form_field_font=&#8220;||||&#8220; use_border_color=&#8220;off&#8220; button_text_size__hover_enabled=&#8220;off&#8220; button_one_text_size__hover_enabled=&#8220;off&#8220; button_two_text_size__hover_enabled=&#8220;off&#8220; button_text_color__hover_enabled=&#8220;off&#8220; button_one_text_color__hover_enabled=&#8220;off&#8220; button_two_text_color__hover_enabled=&#8220;off&#8220; button_border_width__hover_enabled=&#8220;off&#8220; button_one_border_width__hover_enabled=&#8220;off&#8220; button_two_border_width__hover_enabled=&#8220;off&#8220; button_border_color__hover_enabled=&#8220;off&#8220; button_one_border_color__hover_enabled=&#8220;off&#8220; button_two_border_color__hover_enabled=&#8220;off&#8220; button_border_radius__hover_enabled=&#8220;off&#8220; button_one_border_radius__hover_enabled=&#8220;off&#8220; button_two_border_radius__hover_enabled=&#8220;off&#8220; button_letter_spacing__hover_enabled=&#8220;off&#8220; button_one_letter_spacing__hover_enabled=&#8220;off&#8220; button_two_letter_spacing__hover_enabled=&#8220;off&#8220; button_bg_color__hover_enabled=&#8220;off&#8220; button_one_bg_color__hover_enabled=&#8220;off&#8220; button_two_bg_color__hover_enabled=&#8220;off&#8220;][\/et_pb_contact_field][\/et_pb_contact_form][\/et_pb_column][\/et_pb_row][\/et_pb_section][et_pb_section fb_built=&#8220;1&#8243; specialty=&#8220;on&#8220; custom_padding_last_edited=&#8220;on|desktop&#8220; parallax_method_1=&#8220;off&#8220; parallax_method_2=&#8220;off&#8220; admin_label=&#8220;Section&#8220; _builder_version=&#8220;3.7&#8243; background_color=&#8220;#005c77&#8243; custom_padding_tablet=&#8220;50px|0|50px|0&#8243; custom_padding_phone=&#8220;&#8220; global_module=&#8220;116158&#8243; collapsed=&#8220;off&#8220;][et_pb_column type=&#8220;1_3&#8243; _builder_version=&#8220;3.25&#8243; custom_padding=&#8220;|||&#8220; custom_padding__hover=&#8220;|||&#8220;][et_pb_image src=&#8220;http:\/\/kunden.carma.cc\/cptravel\/wp-content\/uploads\/2016\/02\/cp-travel-consulting-logoclaim-weiss.png&#8220; align_tablet=&#8220;center&#8220; align_phone=&#8220;&#8220; align_last_edited=&#8220;on|desktop&#8220; _builder_version=&#8220;3.23&#8243; max_width=&#8220;69%&#8220; always_center_on_mobile=&#8220;on&#8220;][\/et_pb_image][\/et_pb_column][et_pb_column type=&#8220;2_3&#8243; specialty_columns=&#8220;2&#8243; _builder_version=&#8220;3.25&#8243; custom_padding=&#8220;|||&#8220; custom_padding__hover=&#8220;|||&#8220;][et_pb_row_inner padding_mobile=&#8220;on&#8220; column_padding_mobile=&#8220;on&#8220; custom_padding_last_edited=&#8220;on|desktop&#8220; admin_label=&#8220;Row&#8220; _builder_version=&#8220;3.25&#8243; custom_padding=&#8220;||0px|&#8220; custom_padding_tablet=&#8220;||10px|&#8220; custom_padding_phone=&#8220;&#8220;][et_pb_column_inner saved_specialty_column_type=&#8220;2_3&#8243; _builder_version=&#8220;3.25&#8243; custom_padding=&#8220;|||&#8220; custom_padding__hover=&#8220;|||&#8220;][et_pb_text _builder_version=&#8220;3.27.4&#8243; text_font=&#8220;Oswald|||on|&#8220; text_text_color=&#8220;#ffffff&#8220; text_font_size=&#8220;16&#8243; text_letter_spacing=&#8220;2px&#8220; background_layout=&#8220;dark&#8220; custom_css_main_element=&#8220;a {color: #debb59;}&#8220; use_border_color=&#8220;off&#8220;]<\/p>\n<p><a style=\"color: #debb59;\" href=\"httpss:\/\/kunden.carma.cc\/cptravel\/\">Home<\/a>\u00a0 \u00a0 \u00a0<a style=\"color: #debb59;\" href=\"httpss:\/\/kunden.carma.cc\/cptravel\/business-travel\/\">Business Travel<\/a><a style=\"color: #debb59;\" href=\"&quot;httpss:\/\/kunden.carma.cc\/cptravel\/\">\u00a0 \u00a0 \u00a0<\/a><a style=\"color: #debb59;\" href=\"httpss:\/\/kunden.carma.cc\/cptravel\/?page_id=116153\">Events &amp; Incentives<\/a><a style=\"color: #debb59;\" href=\"&quot;httpss:\/\/kunden.carma.cc\/cptravel\/\">\u00a0 \u00a0<\/a><a style=\"color: #debb59;\" href=\"httpss:\/\/kunden.carma.cc\/cptravel\/kontakt\">Kontakt<\/a><\/p>\n<p>[\/et_pb_text][\/et_pb_column_inner][\/et_pb_row_inner][et_pb_row_inner column_structure=&#8220;1_2,1_2&#8243; padding_mobile=&#8220;off&#8220; column_padding_mobile=&#8220;on&#8220; admin_label=&#8220;Row&#8220; _builder_version=&#8220;3.25&#8243;][et_pb_column_inner type=&#8220;1_2&#8243; saved_specialty_column_type=&#8220;2_3&#8243; _builder_version=&#8220;3.25&#8243; custom_padding=&#8220;|||&#8220; custom_padding__hover=&#8220;|||&#8220;][et_pb_blurb url=&#8220;#&#8220; use_icon=&#8220;on&#8220; font_icon=&#8220;%%122%%&#8220; icon_color=&#8220;#fcbf00&#8243; icon_placement=&#8220;left&#8220; use_icon_font_size=&#8220;on&#8220; icon_font_size=&#8220;18&#8243; admin_label=&#8220;Blurb&#8220; _builder_version=&#8220;3.7&#8243; body_font=&#8220;Open Sans||||&#8220; body_text_color=&#8220;#ffffff&#8220; body_font_size=&#8220;16&#8243; body_line_height=&#8220;1.5em&#8220; background_layout=&#8220;dark&#8220; animation=&#8220;off&#8220; use_border_color=&#8220;off&#8220;]<\/p>\n<p>Waldgasse 8<\/p>\n<p>2291 Lassee<\/p>\n<p>[\/et_pb_blurb][\/et_pb_column_inner][et_pb_column_inner type=&#8220;1_2&#8243; saved_specialty_column_type=&#8220;2_3&#8243; _builder_version=&#8220;3.25&#8243; custom_padding=&#8220;|||&#8220; custom_padding__hover=&#8220;|||&#8220;][et_pb_blurb url=&#8220;#&#8220; use_icon=&#8220;on&#8220; font_icon=&#8220;%%110%%&#8220; icon_color=&#8220;#fcbf00&#8243; icon_placement=&#8220;left&#8220; use_icon_font_size=&#8220;on&#8220; icon_font_size=&#8220;20&#8243; admin_label=&#8220;Blurb&#8220; _builder_version=&#8220;4.4.2&#8243; body_font=&#8220;Open Sans||||&#8220; body_text_color=&#8220;#ffffff&#8220; body_font_size=&#8220;16&#8243; body_line_height=&#8220;1.5em&#8220; background_layout=&#8220;dark&#8220; custom_margin=&#8220;||0px|&#8220; custom_padding=&#8220;||0px|&#8220; animation=&#8220;off&#8220;]<\/p>\n<p><a style=\"color: #ffffff;\" href=\"mailto:cp@cptravel.at\">cp@cptravel.at<\/a><\/p>\n<p>[\/et_pb_blurb][et_pb_blurb url=&#8220;#&#8220; use_icon=&#8220;on&#8220; font_icon=&#8220;%%105%%&#8220; icon_color=&#8220;#fcbf00&#8243; icon_placement=&#8220;left&#8220; use_icon_font_size=&#8220;on&#8220; icon_font_size=&#8220;20&#8243; admin_label=&#8220;Blurb&#8220; _builder_version=&#8220;3.7&#8243; body_font=&#8220;Open Sans||||&#8220; body_text_color=&#8220;#ffffff&#8220; body_font_size=&#8220;16&#8243; body_line_height=&#8220;1.5em&#8220; background_layout=&#8220;dark&#8220; custom_margin=&#8220;||0px|&#8220; custom_padding=&#8220;||0px|&#8220; animation=&#8220;off&#8220;]<\/p>\n<p>+4369912344387<\/p>\n<p>[\/et_pb_blurb][\/et_pb_column_inner][\/et_pb_row_inner][\/et_pb_column][\/et_pb_section]<\/p>\n","protected":false},"excerpt":{"rendered":"<p>Ihr pers\u00f6nlicher Kontakt zu uns Fliegen war fr\u00fcher mein Beruf als Flugbegleiterin, Reisen ist jetzt f\u00fcr mich schon fast Berufung. Denn mit Begeisterung bin ich seit 16 Jahren in der Tourismusbranche t\u00e4tig, seit 2011 organisiere ich mit meiner Firma pro.word exklusive Reisen f\u00fcr Individualreisende. Damit habe ich meine Leidenschaft f\u00fcr L\u00e4nder und Kulturen und meine [&hellip;]<\/p>\n","protected":false},"author":4,"featured_media":0,"parent":0,"menu_order":0,"comment_status":"closed","ping_status":"closed","template":"","meta":{"_et_pb_use_builder":"on","_et_pb_old_content":"","_et_gb_content_width":"","footnotes":""},"_links":{"self":[{"href":"http:\/\/kunden.carma.cc\/cptravel\/wp-json\/wp\/v2\/pages\/116145"}],"collection":[{"href":"http:\/\/kunden.carma.cc\/cptravel\/wp-json\/wp\/v2\/pages"}],"about":[{"href":"http:\/\/kunden.carma.cc\/cptravel\/wp-json\/wp\/v2\/types\/page"}],"author":[{"embeddable":true,"href":"http:\/\/kunden.carma.cc\/cptravel\/wp-json\/wp\/v2\/users\/4"}],"replies":[{"embeddable":true,"href":"http:\/\/kunden.carma.cc\/cptravel\/wp-json\/wp\/v2\/comments?post=116145"}],"version-history":[{"count":0,"href":"http:\/\/kunden.carma.cc\/cptravel\/wp-json\/wp\/v2\/pages\/116145\/revisions"}],"wp:attachment":[{"href":"http:\/\/kunden.carma.cc\/cptravel\/wp-json\/wp\/v2\/media?parent=116145"}],"curies":[{"name":"wp","href":"https:\/\/api.w.org\/{rel}","templated":true}]}}