{"id":116781,"date":"2018-11-20T10:59:59","date_gmt":"2018-11-20T10:59:59","guid":{"rendered":"http:\/\/kunden.carma.cc\/cptravel\/?page_id=116781"},"modified":"2020-01-18T14:27:31","modified_gmt":"2020-01-18T14:27:31","slug":"impressum","status":"publish","type":"page","link":"http:\/\/kunden.carma.cc\/cptravel\/impressum\/","title":{"rendered":"Impressum"},"content":{"rendered":"<p>[et_pb_section fb_built=&#8220;1&#8243; admin_label=&#8220;Hero Sektion&#8220; _builder_version=&#8220;3.7&#8243; background_image=&#8220;http:\/\/kunden.carma.cc\/cptravel\/wp-content\/uploads\/2018\/06\/Startseite-Header.jpg&#8220;][et_pb_row custom_padding=&#8220;7%||4%|&#8220; padding_mobile=&#8220;off&#8220; column_padding_mobile=&#8220;on&#8220; parallax_method_1=&#8220;off&#8220; admin_label=&#8220;Row&#8220; _builder_version=&#8220;3.0.47&#8243; background_size=&#8220;initial&#8220; background_position=&#8220;top_left&#8220; background_repeat=&#8220;repeat&#8220;][et_pb_column type=&#8220;4_4&#8243; _builder_version=&#8220;3.0.47&#8243; column_padding_mobile=&#8220;on&#8220; parallax=&#8220;off&#8220; parallax_method=&#8220;off&#8220;][et_pb_cta admin_label=&#8220;Need help with that?&#8220; _builder_version=&#8220;3.7&#8243; header_font=&#8220;|||on|&#8220; header_font_size=&#8220;70&#8243; header_font_size_tablet=&#8220;50&#8243; header_font_size_phone=&#8220;30&#8243; header_font_size_last_edited=&#8220;on|desktop&#8220; header_line_height=&#8220;1.5em&#8220; body_text_color=&#8220;#ffffff&#8220; body_font_size=&#8220;22&#8243; body_line_height=&#8220;1.5em&#8220; background_color=&#8220;rgba(255,255,255,0.69)&#8220; background_size=&#8220;initial&#8220; background_position=&#8220;top_left&#8220; background_repeat=&#8220;repeat&#8220; custom_button=&#8220;on&#8220; button_text_color=&#8220;#ffffff&#8220; button_bg_color=&#8220;rgba(0,0,0,0)&#8220; button_border_color=&#8220;rgba(255,255,255,0.6)&#8220; button_border_radius=&#8220;0&#8243; button_font=&#8220;Oswald||||&#8220; button_icon=&#8220;%%24%%&#8220; button_text_color_hover=&#8220;#ffffff&#8220; button_bg_color_hover=&#8220;rgba(255,255,255,0.2)&#8220; button_border_color_hover=&#8220;rgba(0,0,0,0)&#8220; button_border_radius_hover=&#8220;0&#8243; button_letter_spacing_hover=&#8220;3&#8243; background_layout=&#8220;light&#8220; custom_css_main_element=&#8220;position: relative; z-index: 3;&#8220; custom_css_promo_button=&#8220;margin-top: 30px;&#8220; border_style=&#8220;solid&#8220; saved_tabs=&#8220;all&#8220;]<\/p>\n<h2>Impressum<\/h2>\n<p>[\/et_pb_cta][\/et_pb_column][\/et_pb_row][\/et_pb_section][et_pb_section fb_built=&#8220;1&#8243; _builder_version=&#8220;3.0.47&#8243;][et_pb_row _builder_version=&#8220;3.0.48&#8243; background_size=&#8220;initial&#8220; background_position=&#8220;top_left&#8220; background_repeat=&#8220;repeat&#8220;][et_pb_column type=&#8220;4_4&#8243; _builder_version=&#8220;3.0.47&#8243; parallax=&#8220;off&#8220; parallax_method=&#8220;on&#8220;][et_pb_text _builder_version=&#8220;3.7&#8243;]<\/p>\n<p>F\u00fcr den Inhalt verantwortlich: CP Travel Consulting<br \/> <strong><br \/> Allgemeine Informationen gem\u00e4\u00df \u00a7 5 E-Commerce-Gesetz (ECG) und \u00a7 25 Mediengesetz<\/strong><\/p>\n<p>Name\/Betreiber der Website: Mag. Carina Proprenter<br \/> Anschrift: Waldgasse 8, 2291 Lassee<br \/> Telefon:\u00a0+43 699\/123 44 387<br \/> Email:\u00a0<a href=\"mailto:office@cptravel.at\">office@cptravel.at<\/a><\/p>\n<p>UID-Nummer: ATU 66207829<br \/> Wirtschaftskammer Nieder\u00f6sterreich<br \/> Unternehmensgegenstand: Reiseb\u00fcro f\u00fcr Business Travel, Incentive Reisen, Eventmanagement<\/p>\n<p>[\/et_pb_text][et_pb_text _builder_version=&#8220;3.7&#8243;]<strong>Haftungsausschluss<br \/>\n<\/strong><br \/>\nDer Inhaber und Betreiber dieser Website ist als Diensteanbieter nach \u00a7 17 Abs.1 des E-Commerce-Gesetztes (ECG) f\u00fcr fremde Informationen, die \u00fcber elektronische Verweise (Links) von den eigenen Webseiten aus zug\u00e4nglich gemacht werden, nicht verantwortlich.<br \/>\nZur Zeit der Linksetzung hat der Inhaber keine tats\u00e4chliche Kenntnis \u00fcber rechtswidrige T\u00e4tigkeiten oder Informationen und ist sich auch in Bezug auf Schadenersatzanspr\u00fcche, aus denen eine rechtswidrige T\u00e4tigkeit oder Information offensichtlich wird, keiner Tatsache bewusst.<\/p>\n<p>Gem\u00e4\u00df \u00a7 18 Abs.2 des E-Commerce-Gesetzes (ECG) ist der Inhaber nicht verpflichtet, die \u00fcber elektronische Verweise (Links) zug\u00e4nglich gemachten Informationen zu \u00fcberwachen oder nach Umst\u00e4nden zu forschen, die auf eine rechtswidrige T\u00e4tigkeit hinweisen.<br \/>\nDer Inhaber verpflichtet sich aber, den Zugang (den elektronischen Verweis) zu diesen fremden Informationen sofort zu entfernen, sobald rechtswidrige Inhalte bzw. rechtswidrige T\u00e4tigkeiten der Anbieter der zug\u00e4nglich gemachten Informationen feststellt werden, bzw. dar\u00fcber Kenntnis erlangt wird.<br \/>\n[\/et_pb_text][\/et_pb_column][\/et_pb_row][\/et_pb_section]<\/p>\n","protected":false},"excerpt":{"rendered":"<p>Impressum F\u00fcr den Inhalt verantwortlich: CP Travel Consulting Allgemeine Informationen gem\u00e4\u00df \u00a7 5 E-Commerce-Gesetz (ECG) und \u00a7 25 Mediengesetz Name\/Betreiber der Website: Mag. Carina Proprenter Anschrift: Waldgasse 8, 2291 Lassee Telefon:\u00a0+43 699\/123 44 387 Email:\u00a0office@cptravel.at UID-Nummer: ATU 66207829 Wirtschaftskammer Nieder\u00f6sterreich Unternehmensgegenstand: Reiseb\u00fcro f\u00fcr Business Travel, Incentive Reisen, Eventmanagement Haftungsausschluss Der Inhaber und Betreiber dieser Website [&hellip;]<\/p>\n","protected":false},"author":5,"featured_media":0,"parent":0,"menu_order":0,"comment_status":"closed","ping_status":"closed","template":"","meta":{"_et_pb_use_builder":"on","_et_pb_old_content":"","_et_gb_content_width":"","footnotes":""},"_links":{"self":[{"href":"http:\/\/kunden.carma.cc\/cptravel\/wp-json\/wp\/v2\/pages\/116781"}],"collection":[{"href":"http:\/\/kunden.carma.cc\/cptravel\/wp-json\/wp\/v2\/pages"}],"about":[{"href":"http:\/\/kunden.carma.cc\/cptravel\/wp-json\/wp\/v2\/types\/page"}],"author":[{"embeddable":true,"href":"http:\/\/kunden.carma.cc\/cptravel\/wp-json\/wp\/v2\/users\/5"}],"replies":[{"embeddable":true,"href":"http:\/\/kunden.carma.cc\/cptravel\/wp-json\/wp\/v2\/comments?post=116781"}],"version-history":[{"count":0,"href":"http:\/\/kunden.carma.cc\/cptravel\/wp-json\/wp\/v2\/pages\/116781\/revisions"}],"wp:attachment":[{"href":"http:\/\/kunden.carma.cc\/cptravel\/wp-json\/wp\/v2\/media?parent=116781"}],"curies":[{"name":"wp","href":"https:\/\/api.w.org\/{rel}","templated":true}]}}