{"id":116789,"date":"2018-11-20T17:28:47","date_gmt":"2018-11-20T17:28:47","guid":{"rendered":"http:\/\/kunden.carma.cc\/cptravel\/?page_id=116789"},"modified":"2020-01-18T14:30:52","modified_gmt":"2020-01-18T14:30:52","slug":"datenschutz","status":"publish","type":"page","link":"http:\/\/kunden.carma.cc\/cptravel\/datenschutz\/","title":{"rendered":"Datenschutz"},"content":{"rendered":"<p>[et_pb_section fb_built=&#8220;1&#8243; custom_padding_last_edited=&#8220;on|desktop&#8220; admin_label=&#8220;Hero Section&#8220; module_id=&#8220;dotover&#8220; _builder_version=&#8220;3.7&#8243; background_color=&#8220;#ffffff&#8220; background_image=&#8220;http:\/\/kunden.carma.cc\/cptravel\/wp-content\/uploads\/2018\/06\/Startseite-Header.jpg&#8220; custom_padding_tablet=&#8220;50px|0|50px|0&#8243; custom_css_after=&#8220;content: %22%22;||background: url(&#8218;httpss:\/\/www.infiniteimagination.com.au\/rhm\/wp-content\/uploads\/2016\/08\/mask.png&#8216;) repeat;||top: 0;||left: 0;||bottom: 0;||right: 0;||position: absolute;||z-index: 1;||&#8220; transparent_background=&#8220;off&#8220; collapsed=&#8220;off&#8220;][et_pb_row custom_padding=&#8220;7%||4%|&#8220; padding_mobile=&#8220;off&#8220; column_padding_mobile=&#8220;on&#8220; parallax_method_1=&#8220;off&#8220; admin_label=&#8220;Row&#8220; _builder_version=&#8220;3.0.47&#8243; background_size=&#8220;initial&#8220; background_position=&#8220;top_left&#8220; background_repeat=&#8220;repeat&#8220;][et_pb_column type=&#8220;4_4&#8243; _builder_version=&#8220;3.0.47&#8243; column_padding_mobile=&#8220;on&#8220; parallax=&#8220;off&#8220; parallax_method=&#8220;off&#8220;][et_pb_cta admin_label=&#8220;Need help with that?&#8220; _builder_version=&#8220;3.7&#8243; header_font=&#8220;|||on|&#8220; header_font_size=&#8220;70&#8243; header_font_size_tablet=&#8220;50&#8243; header_font_size_phone=&#8220;30&#8243; header_font_size_last_edited=&#8220;on|desktop&#8220; header_line_height=&#8220;1.5em&#8220; body_text_color=&#8220;#ffffff&#8220; body_font_size=&#8220;22&#8243; body_line_height=&#8220;1.5em&#8220; background_color=&#8220;rgba(255,255,255,0.69)&#8220; background_size=&#8220;initial&#8220; background_position=&#8220;top_left&#8220; background_repeat=&#8220;repeat&#8220; custom_button=&#8220;on&#8220; button_text_color=&#8220;#ffffff&#8220; button_bg_color=&#8220;rgba(0,0,0,0)&#8220; button_border_color=&#8220;rgba(255,255,255,0.6)&#8220; button_border_radius=&#8220;0&#8243; button_font=&#8220;Oswald||||&#8220; button_icon=&#8220;%%24%%&#8220; button_text_color_hover=&#8220;#ffffff&#8220; button_bg_color_hover=&#8220;rgba(255,255,255,0.2)&#8220; button_border_color_hover=&#8220;rgba(0,0,0,0)&#8220; button_border_radius_hover=&#8220;0&#8243; button_letter_spacing_hover=&#8220;3&#8243; background_layout=&#8220;light&#8220; custom_css_main_element=&#8220;position: relative; z-index: 3;&#8220; custom_css_promo_button=&#8220;margin-top: 30px;&#8220; border_style=&#8220;solid&#8220; saved_tabs=&#8220;all&#8220;]<\/p>\n<h2>Datenschutz<\/h2>\n<p>[\/et_pb_cta][\/et_pb_column][\/et_pb_row][\/et_pb_section][et_pb_section fb_built=&#8220;1&#8243; _builder_version=&#8220;3.7&#8243;][et_pb_row _builder_version=&#8220;3.7&#8243;][et_pb_column type=&#8220;4_4&#8243; _builder_version=&#8220;3.0.47&#8243; parallax=&#8220;off&#8220; parallax_method=&#8220;on&#8220;][et_pb_text _builder_version=&#8220;3.7&#8243; header_4_font=&#8220;|600|||||||&#8220; header_4_text_color=&#8220;#005c77&#8243;]<\/p>\n<h3>DATENSCHUTZERKL\u00c4RUNG &#8211; INFORMATIONEN ZUR VERARBEITUNG IHRER DATEN<\/h3>\n<p>Wir freuen uns \u00fcber Ihren Besuch auf unserer Webseite und Ihr Interesse an unserem Unternehmen. Den Schutz Ihrer personenbezogenen Daten nehmen wir sehr ernst. Wir halten uns strikt an die gesetzlichen Bestimmungen der EU-Datenschutz-Grundverordnung sowie des \u00f6sterreichischen Datenschutzgesetzes in der geltenden Fassung.<\/p>\n<p>Im Folgenden m\u00f6chten wir Sie umfassend und transparent \u00fcber die Verarbeitung Ihrer personenbezogenen Daten durch uns als verantwortliches Unternehmen informieren. Bei Fragen oder Anregungen kontaktieren Sie uns bitte unter der unten angegebenen Adresse.<br \/>\n[\/et_pb_text][\/et_pb_column][\/et_pb_row][et_pb_row _builder_version=&#8220;3.7&#8243;][et_pb_column type=&#8220;4_4&#8243; _builder_version=&#8220;3.0.47&#8243; parallax=&#8220;off&#8220; parallax_method=&#8220;on&#8220;][et_pb_text _builder_version=&#8220;3.7&#8243; header_4_font=&#8220;|600|||||||&#8220; header_4_text_color=&#8220;#005c77&#8243;]<\/p>\n<h4>Verarbeitung und Weitergabe personenbezogener Daten<\/h4>\n<p>Der Begriff \u201eVerarbeitung\u201c umfasst jegliche Handhabung personenbezogener Daten, etwa ihre Erhebung, das Ordnen, Speichern, \u00dcbermitteln, Ver\u00e4ndern bis hin zur L\u00f6schung und endg\u00fcltigen Vernichtung. Wenn Sie uns personenbezogene Daten au\u00dferhalb eines Vertrages zur Verf\u00fcgung stellen, so verarbeiten wir diese Daten zu dem Ihnen bei der Erhebung der Daten mitgeteilten Zweck oder insoweit, als dies zur Bearbeitung einer Kontaktaufnahme (per E-Mail, Telefon, etc.) erforderlich ist. In Einzelf\u00e4llen k\u00f6nnen wir auch gesetzlich verpflichtet oder aufgrund unserer \u00fcberwiegenden Interessen berechtigt sein, Ihre personenbezogenen Daten zu verarbeiten. Diesfalls machen wir dies Ihnen gegen\u00fcber, soweit m\u00f6glich, transparent. Sollten Sie einen Vertrag mit uns abgeschlossen haben, so verwenden wir die von Ihnen angegebenen Daten insoweit, als dies f\u00fcr die Vertragserf\u00fcllung erforderlich ist. Eine Weitergabe an Dritte erfolgt nur, wenn die Vertragserf\u00fcllung dies erfordert. In beiden F\u00e4llen (innerhalb und au\u00dferhalb eines Vertrages) erfolgt eine Verarbeitung Ihrer Daten f\u00fcr andere Zwecke als den urspr\u00fcnglichen Zweck nur, wenn diese anderen Zwecke mit dem urspr\u00fcnglichen Zweck vereinbar sind.<br \/>\n[\/et_pb_text][\/et_pb_column][\/et_pb_row][et_pb_row _builder_version=&#8220;3.7&#8243;][et_pb_column type=&#8220;4_4&#8243; _builder_version=&#8220;3.0.47&#8243; parallax=&#8220;off&#8220; parallax_method=&#8220;on&#8220;][et_pb_text _builder_version=&#8220;3.7&#8243; header_4_font=&#8220;|600|||||||&#8220; header_4_text_color=&#8220;#005c77&#8243;]<\/p>\n<h4>Welche Datenkategorien werden verarbeitet:<\/h4>\n<p>Aufgrund unserer vertraglichen Leistungsverpflichtungen verarbeiten wir:<br \/>\n<strong>Kundenstammdaten<\/strong> \u2013 Wenn Sie uns kontaktieren, sich bei uns registrieren oder Dienstleistungen von uns in Anspruch nehmen, erheben wir allgemeine Daten zu Ihrer Person, um Sie Ihren W\u00fcnschen gerecht \u00fcber unsere Angebote und im Zuge einer Reise, eines Aufenthaltes oder sonstigen Dienstleistung entsprechend kontaktieren zu k\u00f6nnen. Diese Informationen k\u00f6nnen Ihren Namen, E-Mail-Adresse, Telefonnummern, Arbeitgeber und Postadresse, gegebenen- und erforderlichenfalls auch das Geschlecht und das Geburtsdatum umfassen.<\/p>\n<p><strong>G\u00e4ste- und Reiseinformationen<\/strong> \u2013 Wenn Sie eine Reise, einen Aufenthalt oder eine sonstige Dienstleistung \u00fcber uns buchen, erheben wir von Ihnen direkt oder \u2013 wenn Sie den Aufenthalt oder die Reise nicht selber buchen \u2013 indirekt (via Dritten), wie z.B. \u00fcber Ihren Arbeitgeber, andere, vermittelnde Reiseb\u00fcros, Freunde und Familienangeh\u00f6rige oder sonstige Organisatoren die Details der Reise oder des Aufenthalts oder sonstigen Dienstleistung (wie Ankunfts- und Abreiseort und -zeit, Fluglinie, Hotel, Autovermietung) und weitere Daten, die f\u00fcr den Abschluss Ihrer Buchungen erforderlich sind. Wir erheben gegebenenfalls auch besondere Kategorien von Daten, um Barrierefreiheit, Essensw\u00fcnsche oder andere gew\u00fcnschte Dienstleistungen bereitzustellen. Von Reisenden ben\u00f6tigen wir gegebenenfalls auch die Passdaten. Wenn wir Reisen f\u00fcr Ihre Begleitpersonen buchen, erheben wir von diesen gegebenenfalls dieselben Datenkategorien. Bitte leiten Sie diese Information daher an alle Betroffenen weiter, deren Daten Sie in einer Reisebuchung angeben. Ihre Kundendaten werden in Ihrem Reise- bzw. G\u00e4steprofil gespeichert, wo wir die f\u00fcr Ihre Reisebuchung und die Erbringung unserer Dienstleistungen erforderlichen Informationen erfassen. Sie k\u00f6nnen in Ihrem Reise- oder G\u00e4steprofil noch weitere Daten angeben, einschlie\u00dflich Anmeldedaten f\u00fcr Vielfliegerprogramme, beh\u00f6rdliche Identifikationsnummern und Kontaktinformationen f\u00fcr Notf\u00e4lle.<\/p>\n<p><strong>Zahlungsinformationen<\/strong> \u2013 Damit Sie Ihre Buchungen und andere Transaktionen durch unsere Dienstleistungen bezahlen k\u00f6nnen, erheben wir Daten zu Zahlungskarten oder sonstige Daten, die zur Abwicklung von Zahlungen erforderlich sind.<br \/>\n[\/et_pb_text][\/et_pb_column][\/et_pb_row][et_pb_row _builder_version=&#8220;3.7&#8243;][et_pb_column type=&#8220;4_4&#8243; _builder_version=&#8220;3.0.47&#8243; parallax=&#8220;off&#8220; parallax_method=&#8220;on&#8220;][et_pb_text _builder_version=&#8220;3.7&#8243; header_4_font=&#8220;|600|||||||&#8220; header_4_text_color=&#8220;#005c77&#8243;]<\/p>\n<h4>Zu welchen Zwecken werden Ihre Daten verarbeitet?<\/h4>\n<p><strong>Bereitstellung unserer Dienstleistungen<\/strong> \u2013 Wir nutzen Ihre Daten f\u00fcr Ihre Reisebuchungen, N\u00e4chtigungen, die Organisation von Tagungen und Veranstaltungen, das Erstellen von Reisepl\u00e4nen und Rechnungen, f\u00fcr Mitteilungen an Sie bez\u00fcglich Ihrer Reise oder unserer Produkte und Dienstleistungen.<\/p>\n<p><strong>Bereitstellung unserer Produkte und Dienstleistungen f\u00fcr Firmenkunden<\/strong> \u2013 Wir nutzen Ihre Daten zur Erf\u00fcllung unserer Vertr\u00e4ge mit Ihrem Arbeitgeber oder Reisekostentr\u00e4ger, f\u00fcr Mitteilungen zu unseren Produkten und Dienstleistungen und um diese bei der Einhaltung ihrer Richtlinien zu unterst\u00fctzen.<\/p>\n<p><strong>Abwicklung von Zahlungen<\/strong> \u2013 Wir nutzen Ihre Stammdaten und Zahlungsinformationen zur Durchf\u00fchrung von Transaktionen und f\u00fcr den damit verbundenen Kundendienst.<br \/>\n[\/et_pb_text][\/et_pb_column][\/et_pb_row][et_pb_row _builder_version=&#8220;3.7&#8243;][et_pb_column type=&#8220;4_4&#8243; _builder_version=&#8220;3.0.47&#8243; parallax=&#8220;off&#8220; parallax_method=&#8220;on&#8220;][et_pb_text _builder_version=&#8220;3.7&#8243; header_4_font=&#8220;|600|||||||&#8220; header_4_text_color=&#8220;#005c77&#8243;]<\/p>\n<h4>Wem und wie geben wir Ihre Daten weiter?<\/h4>\n<p>Prinzipiell \u00fcbermitteln wir Ihre Daten ohne Ihre Einwilligung weder unentgeltlich noch entgeltlich an Dritte. Hiervon ausgenommen sind \u00dcbermittlungen, die wir aufgrund einer gesetzlichen oder vertraglichen Verpflichtung oder auf der Basis unserer beiderseitig oben genannten Interessen durchf\u00fchren:<\/p>\n<p><strong>Ihr Arbeitgeber oder Reise-\/Aufenthaltskostentr\u00e4ger<\/strong> \u2013 Unsere Dienstleistung an Sie erfolgt m\u00f6glicherweise im Rahmen von Dienstleistungsvertr\u00e4gen mit Ihrem Arbeitgeber oder Reisekostentr\u00e4ger. Wir geben Ihre Daten an diese weiter, um es ihnen zu erm\u00f6glichen, ihre Gesch\u00e4ftsreisen zu verwalten und die Einhaltung der Dienstreisebestimmungen des Unternehmens zu gew\u00e4hrleisten. Auf Verlangen Ihres Arbeitgebers oder Reisekostentr\u00e4gers k\u00f6nnen wir Ihre Daten auch an deren Dienstleistungspartner weitergeben. Reiseanbieter und sonstige Reisedienstleister \u2013 Um die Buchung Ihrer Reise und die Bereitstellung der reisebezogenen Dienstleistung an Sie und etwaige Dritte erfolgreich abwickeln zu k\u00f6nnen, geben wir Daten an Reiseanbieter (beispielsweise Fluggesellschaften und Hotels) und Reisedienstleister (beispielsweise Ticketvertriebssysteme und Anbieter von Reise-Apps) sowie deren Dienstleistungspartner weiter.<\/p>\n<p><strong>Dienstleistungspartner<\/strong> \u2013 Wir geben Daten an Dienstleister in dem Rahmen weiter, der f\u00fcr die Erbringung ihrer Dienste erforderlich ist, wie beispielsweise an andere Reiseb\u00fcros, Tagungs- und Veranstaltungsplaner, Visa- und Reisepassdienstleister, Restaurants oder mobile Anwendungen.<br \/>\n[\/et_pb_text][\/et_pb_column][\/et_pb_row][et_pb_row _builder_version=&#8220;3.7&#8243;][et_pb_column type=&#8220;4_4&#8243; _builder_version=&#8220;3.0.47&#8243; parallax=&#8220;off&#8220; parallax_method=&#8220;on&#8220;][et_pb_text _builder_version=&#8220;3.7&#8243; header_4_font=&#8220;|600|||||||&#8220; header_4_text_color=&#8220;#005c77&#8243;]<\/p>\n<h4><strong>L\u00f6schung der von uns verarbeiteten personenbezogenen Daten<\/strong><\/h4>\n<p>Ihre personenbezogenen Daten werden von uns gel\u00f6scht, sobald kein Grund mehr f\u00fcr die weitere Verarbeitung oder Speicherung vorliegt. Sie k\u00f6nnen au\u00dferdem selbstverst\u00e4ndlich jederzeit die L\u00f6schung Ihrer Daten begehren (siehe unten im Punkt \u201eBetroffenenrechte\u201c). Wenn wir gesetzlich zur Aufbewahrung Ihrer Daten verpflichtet sind, erfolgt die L\u00f6schung nach Ablauf dieser gesetzlichen Aufbewahrungsfrist.<br \/>\n[\/et_pb_text][\/et_pb_column][\/et_pb_row][et_pb_row _builder_version=&#8220;3.7&#8243;][et_pb_column type=&#8220;4_4&#8243; _builder_version=&#8220;3.0.47&#8243; parallax=&#8220;off&#8220; parallax_method=&#8220;on&#8220;][et_pb_text _builder_version=&#8220;3.7&#8243; header_4_font=&#8220;|600|||||||&#8220; header_4_text_color=&#8220;#005c77&#8243;]<\/p>\n<h4>Betroffenenrechte \/ Ihre Rechte zum Schutz Ihrer pers\u00f6nlichen Daten<\/h4>\n<p>In Bezug auf Ihre von uns verarbeiteten, personenbezogenen Daten steht Ihnen eine Reihe von Rechten zu. All diese Rechte k\u00f6nnen Sie kosten- und formlos (per E-Mail, telefonisch oder postalisch), gegebenenfalls nach Nachweis Ihrer Identit\u00e4t, unter der unten angegebenen Adresse geltend machen. Ihre Rechte im Einzelnen:<\/p>\n<ul>\n<li><strong>Recht auf Auskunft:<\/strong><br \/>\nSie k\u00f6nnen jederzeit formlos Auskunft \u00fcber die von uns verarbeiteten Daten verlangen. In diesem Fall teilen wir Ihnen schriftlich mit, welche Daten wir \u00fcber Sie gespeichert haben, f\u00fcr welche Zwecke wir diese verwenden, an welche Kategorien von Empf\u00e4ngern wir diese weitergeben und wie lange wir beabsichtigen, diese noch zu speichern. Wir werden Ihrem Auskunftsansuchen unverz\u00fcglich, l\u00e4ngstens jedoch innerhalb eines Monats nachkommen.<\/li>\n<li><strong>Recht auf L\u00f6schung:<br \/>\n<\/strong>Sie haben das Recht, jederzeit formlos die L\u00f6schung Ihrer von uns verarbeiteten Daten zu begehren. Diesem Ansuchen kommen wir nach, sofern Ihre Daten f\u00fcr den Erhebungszweck nicht mehr notwendig sind, Sie eine allenfalls bestehende Einwilligung widerrufen, bei unrechtm\u00e4\u00dfigen Datenverarbeitungen oder wenn die L\u00f6schung zur Erf\u00fcllung einer rechtlichen Verpflichtung erforderlich ist.<\/li>\n<li><strong>Recht auf Berichtigung:<\/strong><br \/>\nSollten wir irrt\u00fcmlich unrichtige oder unvollst\u00e4ndige Daten \u00fcber Sie verarbeiten, so berichtigen wir diese selbstverst\u00e4ndlich. Dazu reicht ein an uns gerichteter, formloser Antrag aus.<\/li>\n<li><strong>Recht auf Einschr\u00e4nkung der Verarbeitung:<\/strong><br \/>\nWenn zwar die L\u00f6schung Ihrer Daten nicht m\u00f6glich ist bzw. dies von Ihnen nicht gew\u00fcnscht wird, Sie aber einer \u00fcber die Speicherung der Daten hinausgehenden Nutzung nicht zustimmen, haben wir die Pflicht, auf Ihren Antrag hin die weitere Verarbeitung Ihrer personenbezogenen Daten einzuschr\u00e4nken.<\/li>\n<li><strong>Recht auf Daten\u00fcbertragbarkeit:<\/strong><br \/>\nWir stellen Ihnen die von uns \u00fcber Sie gespeicherten Daten, die wir aufgrund eines Vertrages oder aufgrund Ihrer Einwilligung erhalten haben, auf Ihren formlosen Antrag hin kostenlos in einem gebr\u00e4uchlichen Dateiformat zur Verf\u00fcgung. Sie k\u00f6nnen diese Daten f\u00fcr eigene Zwecke verwenden und sie an zuk\u00fcnftige Vertragspartner weitergeben. Wir \u00fcbernehmen \u2013 sofern Sie dies w\u00fcnschen und es technisch machbar ist \u2013 auch direkt die \u00dcbertragung Ihrer Daten an einen von Ihnen namhaft gemachten Adressaten. In diesem Fall informieren wir Sie nach erfolgter \u00dcbertragung. Ihrem Antrag kommen wir unverz\u00fcglich, sp\u00e4testens jedoch innerhalb eines Monats nach.<\/li>\n<li><strong>Recht auf Widerspruch:<\/strong><br \/>\nIn bestimmten F\u00e4llen haben Sie nach der Datenschutz-Grundverordnung auch das Recht auf Widerspruch zur weiteren Verarbeitung Ihrer Daten.<\/li>\n<\/ul>\n<p>[\/et_pb_text][\/et_pb_column][\/et_pb_row][et_pb_row _builder_version=&#8220;3.7&#8243;][et_pb_column type=&#8220;4_4&#8243; _builder_version=&#8220;3.0.47&#8243; parallax=&#8220;off&#8220; parallax_method=&#8220;on&#8220;][et_pb_text _builder_version=&#8220;3.7&#8243; header_4_font=&#8220;|600|||||||&#8220; header_4_text_color=&#8220;#005c77&#8243;]<\/p>\n<h4>Beschwerderecht<\/h4>\n<p>Die EU-Datenschutz-Grundverordnung und das \u00f6sterreichischen Datenschutzgesetz gew\u00e4hrleisten Ihnen die oben genannten Rechte im Bereich Datenschutz. Wenn Sie der Ansicht sind, in einem dieser Rechte durch unser Unternehmen verletzt worden zu sein, haben Sie die M\u00f6glichkeit, sich bei einer Datenschutz-Aufsichtsbeh\u00f6rde zu beschweren. In \u00d6sterreich ist daf\u00fcr die \u00d6sterreichische Datenschutzbeh\u00f6rde, Wickenburggasse 8, 1080 Wien, zust\u00e4ndig. Anspr\u00fcche gegen uns, die Ihnen aufgrund anderer gesetzlicher Grundlagen zustehen, bleiben davon unber\u00fchrt.<\/p>\n<p>Unsere Kontaktdaten:<br \/> CP Travel Consulting<br \/>Waldgasse 8, 2291 Lassee<br \/> Telefon: +43 699 123 44387<br \/> E-Mail: <a href=\"mailto:office@cptravel.at\">office@cptravel.at<\/a><br \/> Web: <a href=\"http:\/\/kunden.carma.cc\/cptravel\">www.cptravel.at\u00a0<\/a><\/p>\n<p>[\/et_pb_text][\/et_pb_column][\/et_pb_row][et_pb_row _builder_version=&#8220;3.7&#8243;][et_pb_column type=&#8220;4_4&#8243; _builder_version=&#8220;3.0.47&#8243; parallax=&#8220;off&#8220; parallax_method=&#8220;on&#8220;][et_pb_text _builder_version=&#8220;3.7&#8243; header_4_font=&#8220;|600|||||||&#8220; header_4_text_color=&#8220;#005c77&#8243;]<\/p>\n<h4>Google Analytics<\/h4>\n<p>Diese Website nutzt Funktionen des Webanalysedienstes Google Analytics. Anbieter ist die Google Inc., 1600 Amphitheatre Parkway Mountain View, CA 94043, USA.<br \/>\nGoogle Analytics verwendet so genannte \u201cCookies\u201d. Das sind Textdateien, die auf Ihrem Computer gespeichert werden und die eine Analyse der Benutzung der Website durch Sie erm\u00f6glichen. Die durch den Cookie erzeugten Informationen \u00fcber Ihre Benutzung dieser Website werden in der Regel an einen Server von Google in den USA \u00fcbertragen und dort gespeichert.<\/p>\n<p><strong>IP-Anonymisierung<\/strong><br \/>\nWir haben auf dieser Webseite die Funktion IP-Anonymisierung aktiviert. Dadurch wird Ihre IP-Adresse von Google innerhalb von Mitgliedstaaten der Europ\u00e4ischen Union oder in anderen Vertragsstaaten des Abkommens \u00fcber den Europ\u00e4ischen Wirtschaftsraum vor der \u00dcbermittlung in die USA gek\u00fcrzt. Nur in Ausnahmef\u00e4llen wird die volle IP-Adresse an einen Server von Google in den USA \u00fcbertragen und dort gek\u00fcrzt. Im Auftrag des Betreibers dieser Website wird Google diese Informationen benutzen, um Ihre Nutzung der Website auszuwerten, um Reports \u00fcber die Websiteaktivit\u00e4ten zusammenzustellen und um weitere mit der Websitenutzung und der Internetnutzung verbundene Dienstleistungen gegen\u00fcber dem Websitebetreiber zu erbringen. Die im Rahmen von Google Analytics von Ihrem Browser \u00fcbermittelte IP- Adresse wird nicht mit anderen Daten von Google zusammengef\u00fchrt.<\/p>\n<p><strong>Browser-Plug-in<\/strong><br \/>\nSie k\u00f6nnen die Speicherung der Cookies durch eine entsprechende Einstellung Ihrer Browser-Software verhindern; wir weisen Sie jedoch darauf hin, dass Sie in diesem Fall gegebenenfalls nicht s\u00e4mtliche Funktionen dieser Website vollumf\u00e4nglich werden nutzen k\u00f6nnen. Sie k\u00f6nnen dar\u00fcber hinaus die Erfassung der durch den Cookie erzeugten und auf Ihre Nutzung der Website bezogenen Daten (inkl. Ihrer IP-Adresse) an Google sowie die Verarbeitung dieser Daten durch Google verhindern, indem Sie das unter dem folgenden Link verf\u00fcgbare Browser-Plugin herunterladen und installieren: <a href=\"https:\/\/tools.google.com\/dlpage\/gaoptout?hl=de\" target=\"_blank\" rel=\"noopener\">https:\/\/tools.google.com\/dlpage\/gaoptout?hl=de<\/a><br \/>\n[\/et_pb_text][\/et_pb_column][\/et_pb_row][et_pb_row _builder_version=&#8220;3.7&#8243;][et_pb_column type=&#8220;4_4&#8243; _builder_version=&#8220;3.0.47&#8243; parallax=&#8220;off&#8220; parallax_method=&#8220;on&#8220;][et_pb_text _builder_version=&#8220;3.7&#8243; header_4_font=&#8220;|600|||||||&#8220; header_4_text_color=&#8220;#005c77&#8243;]<\/p>\n<h4>Widerspruch gegen Datenerfassung<\/h4>\n<p>Sie k\u00f6nnen die Erfassung Ihrer Daten durch Google Analytics verhindern, indem Sie auf folgenden Link klicken. Es wird ein Opt-Out-Cookie gesetzt, der die Erfassung Ihrer Daten bei zuk\u00fcnftigen Besuchen dieser Website verhindert:<br \/>\n[google_analytics_optout]Hier klicken, um Google Analytics zu deaktivieren[\/google_analytics_optout]<br \/>\n[\/et_pb_text][\/et_pb_column][\/et_pb_row][et_pb_row _builder_version=&#8220;3.7&#8243;][et_pb_column type=&#8220;4_4&#8243; _builder_version=&#8220;3.0.47&#8243; parallax=&#8220;off&#8220; parallax_method=&#8220;on&#8220;][et_pb_text _builder_version=&#8220;3.7&#8243; header_4_font=&#8220;|600|||||||&#8220; header_4_text_color=&#8220;#005c77&#8243;]<\/p>\n<h4>Verwendung automatisiert generierter Daten \/ Server Log-Dateien<\/h4>\n<p>Bei jedem Zugriff auf unsere Website und bei jedem Abruf von Dateien, die von unserem Webserver zur Verf\u00fcgung gestellt werden, werden gewisse technische Daten gespeichert. Eine solche Speicherung erfolgt jedoch nur in pseudonymer (indirekt personenbezogener) Form, sodass es nicht m\u00f6glich ist, aus diesen Daten auf Personen r\u00fcckzuschlie\u00dfen. Folgende Daten werden protokolliert: &#8211; IP-Adresse des abrufenden Rechners &#8211; Dateiname der aufgerufenen Datei(en) &#8211; Datum und Uhrzeit des Abrufs, \u00fcbertragene Datenmenge &#8211; Statusmeldung in Bezug auf den Abruf &#8211; Informationen \u00fcber den verwendeten Web-Browser. Die Speicherung dieser Daten dient dazu, die Sicherheit unserer Webseite gew\u00e4hrleisten zu k\u00f6nnen und Angriffe auf unsere Webseite oder deren Missbrauch erkennen und verfolgen zu k\u00f6nnen.<br \/>\n[\/et_pb_text][\/et_pb_column][\/et_pb_row][et_pb_row _builder_version=&#8220;3.7&#8243;][et_pb_column type=&#8220;4_4&#8243; _builder_version=&#8220;3.0.47&#8243; parallax=&#8220;off&#8220; parallax_method=&#8220;on&#8220;][et_pb_text _builder_version=&#8220;3.7&#8243; header_4_font=&#8220;|600|||||||&#8220; header_4_text_color=&#8220;#005c77&#8243;]<\/p>\n<h4>Kontaktformular<\/h4>\n<p>Wenn Sie uns per Kontaktformular Anfragen zukommen lassen, werden Ihre Angaben aus dem Anfrageformular inklusive der von Ihnen dort angegebenen Kontaktdaten zwecks Bearbeitung der Anfrage und f\u00fcr den Fall von Anschlussfragen bei uns gespeichert. Diese Daten geben wir nicht ohne Ihre Einwilligung weiter. Die Verarbeitung der in das Kontaktformular eingegebenen Daten erfolgt somit ausschlie\u00dflich auf Grundlage Ihrer Einwilligung (Art. 6 Abs. 1 lit. a DSGVO). Sie k\u00f6nnen diese Einwilligung jederzeit widerrufen. Dazu reicht eine formlose Mitteilung per E-Mail an uns. Die Rechtm\u00e4\u00dfigkeit der bis zum Widerruf erfolgten Datenverarbeitungsvorg\u00e4nge bleibt vom Widerruf unber\u00fchrt. Die von Ihnen im Kontaktformular eingegebenen Daten verbleiben bei uns, bis Sie uns zur L\u00f6schung auffordern, Ihre Einwilligung zur Speicherung widerrufen oder der Zweck f\u00fcr die Datenspeicherung entf\u00e4llt (z.B. nach abgeschlossener Bearbeitung Ihrer Anfrage). Zwingende gesetzliche Bestimmungen \u2013 insbesondere Aufbewahrungsfristen \u2013 bleiben unber\u00fchrt.<br \/>\n[\/et_pb_text][\/et_pb_column][\/et_pb_row][\/et_pb_section]<\/p>\n","protected":false},"excerpt":{"rendered":"<p>Datenschutz DATENSCHUTZERKL\u00c4RUNG &#8211; INFORMATIONEN ZUR VERARBEITUNG IHRER DATEN Wir freuen uns \u00fcber Ihren Besuch auf unserer Webseite und Ihr Interesse an unserem Unternehmen. Den Schutz Ihrer personenbezogenen Daten nehmen wir sehr ernst. Wir halten uns strikt an die gesetzlichen Bestimmungen der EU-Datenschutz-Grundverordnung sowie des \u00f6sterreichischen Datenschutzgesetzes in der geltenden Fassung. Im Folgenden m\u00f6chten wir Sie [&hellip;]<\/p>\n","protected":false},"author":5,"featured_media":0,"parent":0,"menu_order":0,"comment_status":"closed","ping_status":"closed","template":"","meta":{"_et_pb_use_builder":"on","_et_pb_old_content":"","_et_gb_content_width":"","footnotes":""},"_links":{"self":[{"href":"http:\/\/kunden.carma.cc\/cptravel\/wp-json\/wp\/v2\/pages\/116789"}],"collection":[{"href":"http:\/\/kunden.carma.cc\/cptravel\/wp-json\/wp\/v2\/pages"}],"about":[{"href":"http:\/\/kunden.carma.cc\/cptravel\/wp-json\/wp\/v2\/types\/page"}],"author":[{"embeddable":true,"href":"http:\/\/kunden.carma.cc\/cptravel\/wp-json\/wp\/v2\/users\/5"}],"replies":[{"embeddable":true,"href":"http:\/\/kunden.carma.cc\/cptravel\/wp-json\/wp\/v2\/comments?post=116789"}],"version-history":[{"count":0,"href":"http:\/\/kunden.carma.cc\/cptravel\/wp-json\/wp\/v2\/pages\/116789\/revisions"}],"wp:attachment":[{"href":"http:\/\/kunden.carma.cc\/cptravel\/wp-json\/wp\/v2\/media?parent=116789"}],"curies":[{"name":"wp","href":"https:\/\/api.w.org\/{rel}","templated":true}]}}